{"id":128,"date":"2020-08-26T10:48:22","date_gmt":"2020-08-26T08:48:22","guid":{"rendered":"http:\/\/kreativeatelier.com\/?page_id=128"},"modified":"2025-03-05T10:35:04","modified_gmt":"2025-03-05T09:35:04","slug":"kreative-renovations","status":"publish","type":"page","link":"https:\/\/kreativeatelier.com\/pl\/kreative-renovations\/","title":{"rendered":"Kreative Renovations"},"content":{"rendered":"","protected":false},"excerpt":{"rendered":"","protected":false},"author":3,"featured_media":0,"parent":0,"menu_order":0,"comment_status":"closed","ping_status":"closed","template":"renovations.php","meta":{"_acf_changed":false,"footnotes":""},"class_list":["post-128","page","type-page","status-publish","hentry","entry"],"acf":[],"yoast_head":"<!-- This site is optimized with the Yoast SEO plugin v24.5 - https:\/\/yoast.com\/wordpress\/plugins\/seo\/ -->\n<title>Kreative Renovations - Kreative Atelier<\/title>\n<meta name=\"description\" content=\"Prace remonowo-budowlane s\u0105 kolebk\u0105 Kreative Atelier. Wieloletnia praktyka pozwala nam \u015bwiadczy\u0107 us\u0142ugi na najwy\u017cszym poziomie z zastosowaniem najnowocze\u015bniejszych system\u00f3w budowlanych\" \/>\n<meta name=\"robots\" content=\"index, follow, max-snippet:-1, max-image-preview:large, max-video-preview:-1\" \/>\n<link rel=\"canonical\" href=\"https:\/\/kreativeatelier.com\/pl\/kreative-renovations\/\" \/>\n<meta property=\"og:locale\" content=\"pl_PL\" \/>\n<meta property=\"og:type\" content=\"article\" \/>\n<meta property=\"og:title\" content=\"Kreative Renovations - Kreative Atelier\" \/>\n<meta property=\"og:description\" content=\"Prace remonowo-budowlane s\u0105 kolebk\u0105 Kreative Atelier. Wieloletnia praktyka pozwala nam \u015bwiadczy\u0107 us\u0142ugi na najwy\u017cszym poziomie z zastosowaniem najnowocze\u015bniejszych system\u00f3w budowlanych\" \/>\n<meta property=\"og:url\" content=\"https:\/\/kreativeatelier.com\/pl\/kreative-renovations\/\" \/>\n<meta property=\"og:site_name\" content=\"Kreative Atelier\" \/>\n<meta property=\"article:modified_time\" content=\"2025-03-05T09:35:04+00:00\" \/>\n<meta name=\"twitter:card\" content=\"summary_large_image\" \/>\n<script type=\"application\/ld+json\" class=\"yoast-schema-graph\">{\"@context\":\"https:\/\/schema.org\",\"@graph\":[{\"@type\":\"WebPage\",\"@id\":\"https:\/\/kreativeatelier.com\/kreative-renovations\/\",\"url\":\"https:\/\/kreativeatelier.com\/kreative-renovations\/\",\"name\":\"Kreative Renovations - Kreative Atelier\",\"isPartOf\":{\"@id\":\"https:\/\/kreativeatelier.com\/#website\"},\"datePublished\":\"2020-08-26T08:48:22+00:00\",\"dateModified\":\"2025-03-05T09:35:04+00:00\",\"description\":\"Prace remonowo-budowlane s\u0105 kolebk\u0105 Kreative Atelier. Wieloletnia praktyka pozwala nam \u015bwiadczy\u0107 us\u0142ugi na najwy\u017cszym poziomie z zastosowaniem najnowocze\u015bniejszych system\u00f3w budowlanych\",\"breadcrumb\":{\"@id\":\"https:\/\/kreativeatelier.com\/kreative-renovations\/#breadcrumb\"},\"inLanguage\":\"pl-PL\",\"potentialAction\":[{\"@type\":\"ReadAction\",\"target\":[\"https:\/\/kreativeatelier.com\/kreative-renovations\/\"]}]},{\"@type\":\"BreadcrumbList\",\"@id\":\"https:\/\/kreativeatelier.com\/kreative-renovations\/#breadcrumb\",\"itemListElement\":[{\"@type\":\"ListItem\",\"position\":1,\"name\":\"Strona g\u0142\u00f3wna\",\"item\":\"https:\/\/kreativeatelier.com\/\"},{\"@type\":\"ListItem\",\"position\":2,\"name\":\"Kreative Renovations\"}]},{\"@type\":\"WebSite\",\"@id\":\"https:\/\/kreativeatelier.com\/#website\",\"url\":\"https:\/\/kreativeatelier.com\/\",\"name\":\"Kreative Atelier\",\"description\":\"\",\"publisher\":{\"@id\":\"https:\/\/kreativeatelier.com\/#organization\"},\"potentialAction\":[{\"@type\":\"SearchAction\",\"target\":{\"@type\":\"EntryPoint\",\"urlTemplate\":\"https:\/\/kreativeatelier.com\/?s={search_term_string}\"},\"query-input\":{\"@type\":\"PropertyValueSpecification\",\"valueRequired\":true,\"valueName\":\"search_term_string\"}}],\"inLanguage\":\"pl-PL\"},{\"@type\":\"Organization\",\"@id\":\"https:\/\/kreativeatelier.com\/#organization\",\"name\":\"Kreative Atelier\",\"url\":\"https:\/\/kreativeatelier.com\/\",\"logo\":{\"@type\":\"ImageObject\",\"inLanguage\":\"pl-PL\",\"@id\":\"https:\/\/kreativeatelier.com\/#\/schema\/logo\/image\/\",\"url\":\"https:\/\/kreativeatelier.com\/wp-content\/uploads\/2020\/08\/logo.svg\",\"contentUrl\":\"https:\/\/kreativeatelier.com\/wp-content\/uploads\/2020\/08\/logo.svg\",\"caption\":\"Kreative Atelier\"},\"image\":{\"@id\":\"https:\/\/kreativeatelier.com\/#\/schema\/logo\/image\/\"}}]}<\/script>\n<!-- \/ Yoast SEO plugin. -->","yoast_head_json":{"title":"Kreative Renovations - Kreative Atelier","description":"Prace remonowo-budowlane s\u0105 kolebk\u0105 Kreative Atelier. Wieloletnia praktyka pozwala nam \u015bwiadczy\u0107 us\u0142ugi na najwy\u017cszym poziomie z zastosowaniem najnowocze\u015bniejszych system\u00f3w budowlanych","robots":{"index":"index","follow":"follow","max-snippet":"max-snippet:-1","max-image-preview":"max-image-preview:large","max-video-preview":"max-video-preview:-1"},"canonical":"https:\/\/kreativeatelier.com\/pl\/kreative-renovations\/","og_locale":"pl_PL","og_type":"article","og_title":"Kreative Renovations - Kreative Atelier","og_description":"Prace remonowo-budowlane s\u0105 kolebk\u0105 Kreative Atelier. Wieloletnia praktyka pozwala nam \u015bwiadczy\u0107 us\u0142ugi na najwy\u017cszym poziomie z zastosowaniem najnowocze\u015bniejszych system\u00f3w budowlanych","og_url":"https:\/\/kreativeatelier.com\/pl\/kreative-renovations\/","og_site_name":"Kreative Atelier","article_modified_time":"2025-03-05T09:35:04+00:00","twitter_card":"summary_large_image","schema":{"@context":"https:\/\/schema.org","@graph":[{"@type":"WebPage","@id":"https:\/\/kreativeatelier.com\/kreative-renovations\/","url":"https:\/\/kreativeatelier.com\/kreative-renovations\/","name":"Kreative Renovations - Kreative Atelier","isPartOf":{"@id":"https:\/\/kreativeatelier.com\/#website"},"datePublished":"2020-08-26T08:48:22+00:00","dateModified":"2025-03-05T09:35:04+00:00","description":"Prace remonowo-budowlane s\u0105 kolebk\u0105 Kreative Atelier. Wieloletnia praktyka pozwala nam \u015bwiadczy\u0107 us\u0142ugi na najwy\u017cszym poziomie z zastosowaniem najnowocze\u015bniejszych system\u00f3w budowlanych","breadcrumb":{"@id":"https:\/\/kreativeatelier.com\/kreative-renovations\/#breadcrumb"},"inLanguage":"pl-PL","potentialAction":[{"@type":"ReadAction","target":["https:\/\/kreativeatelier.com\/kreative-renovations\/"]}]},{"@type":"BreadcrumbList","@id":"https:\/\/kreativeatelier.com\/kreative-renovations\/#breadcrumb","itemListElement":[{"@type":"ListItem","position":1,"name":"Strona g\u0142\u00f3wna","item":"https:\/\/kreativeatelier.com\/"},{"@type":"ListItem","position":2,"name":"Kreative Renovations"}]},{"@type":"WebSite","@id":"https:\/\/kreativeatelier.com\/#website","url":"https:\/\/kreativeatelier.com\/","name":"Kreative Atelier","description":"","publisher":{"@id":"https:\/\/kreativeatelier.com\/#organization"},"potentialAction":[{"@type":"SearchAction","target":{"@type":"EntryPoint","urlTemplate":"https:\/\/kreativeatelier.com\/?s={search_term_string}"},"query-input":{"@type":"PropertyValueSpecification","valueRequired":true,"valueName":"search_term_string"}}],"inLanguage":"pl-PL"},{"@type":"Organization","@id":"https:\/\/kreativeatelier.com\/#organization","name":"Kreative Atelier","url":"https:\/\/kreativeatelier.com\/","logo":{"@type":"ImageObject","inLanguage":"pl-PL","@id":"https:\/\/kreativeatelier.com\/#\/schema\/logo\/image\/","url":"https:\/\/kreativeatelier.com\/wp-content\/uploads\/2020\/08\/logo.svg","contentUrl":"https:\/\/kreativeatelier.com\/wp-content\/uploads\/2020\/08\/logo.svg","caption":"Kreative Atelier"},"image":{"@id":"https:\/\/kreativeatelier.com\/#\/schema\/logo\/image\/"}}]}},"_links":{"self":[{"href":"https:\/\/kreativeatelier.com\/pl\/wp-json\/wp\/v2\/pages\/128","targetHints":{"allow":["GET"]}}],"collection":[{"href":"https:\/\/kreativeatelier.com\/pl\/wp-json\/wp\/v2\/pages"}],"about":[{"href":"https:\/\/kreativeatelier.com\/pl\/wp-json\/wp\/v2\/types\/page"}],"author":[{"embeddable":true,"href":"https:\/\/kreativeatelier.com\/pl\/wp-json\/wp\/v2\/users\/3"}],"replies":[{"embeddable":true,"href":"https:\/\/kreativeatelier.com\/pl\/wp-json\/wp\/v2\/comments?post=128"}],"version-history":[{"count":10,"href":"https:\/\/kreativeatelier.com\/pl\/wp-json\/wp\/v2\/pages\/128\/revisions"}],"predecessor-version":[{"id":344,"href":"https:\/\/kreativeatelier.com\/pl\/wp-json\/wp\/v2\/pages\/128\/revisions\/344"}],"wp:attachment":[{"href":"https:\/\/kreativeatelier.com\/pl\/wp-json\/wp\/v2\/media?parent=128"}],"curies":[{"name":"wp","href":"https:\/\/api.w.org\/{rel}","templated":true}]}}